{"id":232,"date":"2017-05-15T15:05:53","date_gmt":"2017-05-15T13:05:53","guid":{"rendered":"http:\/\/hippodrome-abbeville.fr\/wp\/?page_id=232"},"modified":"2019-11-20T17:17:57","modified_gmt":"2019-11-20T16:17:57","slug":"lhippodrome","status":"publish","type":"page","link":"https:\/\/hippodrome-abbeville.fr\/wp\/lhippodrome\/","title":{"rendered":"L&rsquo;hippodrome"},"content":{"rendered":"<div class=\"fsn-row full-width-row fsn-69e08f09a14a1 light\" style=\"background-repeat:repeat;background-position:left top;background-attachment:scroll;background-size:auto;\"><div class=\"container-fluid\"><div class=\"row\"><div class=\"col-sm-12\"><div class=\"fsn-column-inner fsn-69e08f09a15a5 light\"><div class=\"fsn-text fsn-69e08f09a166c\">\n<h3><span style=\"color: #008000;\">Caract\u00e9ristiques de la piste<\/span><\/h3>\n<p><img loading=\"lazy\" decoding=\"async\" class=\"alignnone wp-image-235\" src=\"http:\/\/hippodrome-abbeville.fr\/wp\/wp-content\/uploads\/2017\/05\/hippodrome_653.jpg\" alt=\"\" width=\"538\" height=\"335\" \/><\/p>\n<ul>\n<li><strong>Piste de trot, corde \u00e0 gauche<\/strong><\/li>\n<li><strong>Longueur de la piste : <\/strong>1400 m<\/li>\n<li><strong>Cat\u00e9gorie :\u00a0<\/strong>2nde cat\u00e9gorie<\/li>\n<li><strong>Surface de la piste :<\/strong>\u00a0Herbe<\/li>\n<li><strong>Ligne droite :<\/strong>\u00a0350 m<\/li>\n<li><strong>Largeur de la piste :<\/strong>\u00a020 m<\/li>\n<\/ul>\n<h3><span style=\"color: #008000;\">Accessibilit\u00e9 et services<\/span><\/h3>\n<ul>\n<li>Grand parking<\/li>\n<li>Acc\u00e8s personnes \u00e0 mobilit\u00e9 r\u00e9duite<\/li>\n<li>Restauration rapide (buvette et friterie)<\/li>\n<li>Restaurant (T\u00e9l. 06 71 26 20 37\u00a0pour r\u00e9servation) TB Traiteur<\/li>\n<li>Photographies des arriv\u00e9es \u00a0( Jacques Grossemy &#8211; 06-16-14-62-91 &#8211; contact@jacques-grossemy.fr)<\/li>\n<\/ul>\n<hr \/>\n<h3><span style=\"color: #008000;\">Historique de la Soci\u00e9t\u00e9 des Courses au Trot d\u2019Abbeville<\/span><\/h3>\n<p>Les premi\u00e8res courses hippiques d\u2019Abbeville ont eu lieu le 11 ao\u00fbt 1850 \u00ab\u00a0dans la prairie dite\u00a0<em>Marais Malicorne<\/em>\u00a0\u00bb, site actuel de l\u2019Hippodrome d\u2019Abbeville.<br \/>\nC\u2019est , en 1880, que les statuts de la Soci\u00e9t\u00e9 des Courses au Trot d\u2019Abbeville ont \u00e9t\u00e9 d\u00e9pos\u00e9s, avec parution au Journal Officiel en Avril 1905.<br \/>\nLa Pr\u00e9sidence de la Soci\u00e9t\u00e9 des Courses au Trot d\u2019Abbeville a longtemps \u00e9t\u00e9 occup\u00e9e par la famille Dufrien ,de Woincourt, Paul, puis son fils Henri, ensuite Robert Blin, et le docteur Paul Guerlin jusqu&rsquo;en 2012; actuellement, la pr\u00e9sidence est assur\u00e9e par Dominique Delannoy.<\/p>\n<p>Dans l\u2019histoire de l\u2019hippodrome d\u2019Abbeville, une date est \u00e0 retenir en particulier, celle d\u2019Avril 2001\u00a0: la Ville d\u2019Abbeville a \u00e9t\u00e9 inond\u00e9e dans ses quartiers situ\u00e9s au sud de la Somme, l\u2019hippodrome n\u2019y a pas \u00e9chapp\u00e9 puisqu\u2019on pouvait relever une hauteur de 1 m\u00e8tre 50 d\u2019eau sur la piste. Cette inondation a dans un premier temps emp\u00each\u00e9 le d\u00e9roulement des courses pr\u00e9vues en 2001, et surtout rendu le site inutilisable\u00a0: en effet, la piste a \u00e9t\u00e9 fortement endommag\u00e9e et les b\u00e2timents, dont la tribune, vou\u00e9s \u00e0 la d\u00e9molition. Apr\u00e8s avoir obtenu les financements n\u00e9cessaires, la Soci\u00e9t\u00e9 des Courses au Trot d\u2019Abbeville, gr\u00e2ce \u00e0 la volont\u00e9 de son pr\u00e9sident Paul Guerlin a pu entreprendre la reconstruction achev\u00e9e en 2006, ann\u00e9e o\u00f9 les courses ont pu se d\u00e9rouler \u00e0 nouveau.<\/p>\n<\/div><div class=\"fsn-gallery fsn-69e08f09a16c5\"><div class=\"inline-container\"><div class=\"flexslider inline\" data-gallery-id=\"69e08f09a1711\" data-gallery-thumbs=\"true\">\t\t\t\t\t<script>\n\t\t\t\t\t\tjQuery(document).ready(function() {\n\t\t\t\t\t\t\t\/\/trigger gallery open\n\t\t\t\t\t\t\tjQuery('.inline[data-gallery-id=\"69e08f09a1711\"]').on('click', '.fullscreen-trigger', function() {\n\t\t\t\t\t\t\t\tvar items = [{\"src\":\"https:\\\/\\\/hippodrome-abbeville.fr\\\/wp\\\/wp-content\\\/uploads\\\/2017\\\/04\\\/histo1.jpg\",\"w\":\"800\",\"h\":\"526\",\"title\":\"\"},{\"src\":\"https:\\\/\\\/hippodrome-abbeville.fr\\\/wp\\\/wp-content\\\/uploads\\\/2017\\\/04\\\/histo2.jpg\",\"w\":\"800\",\"h\":\"624\",\"title\":\"\"},{\"src\":\"https:\\\/\\\/hippodrome-abbeville.fr\\\/wp\\\/wp-content\\\/uploads\\\/2017\\\/04\\\/histo3.jpg\",\"w\":\"800\",\"h\":\"599\",\"title\":\"\"},{\"src\":\"https:\\\/\\\/hippodrome-abbeville.fr\\\/wp\\\/wp-content\\\/uploads\\\/2017\\\/04\\\/histo4.jpg\",\"w\":\"800\",\"h\":\"650\",\"title\":\"\"}];\n\n\t\t\t\t\t\t\t\tvar pswpElement = document.querySelectorAll('.pswp')[0];\n\n\t\t\t\t\t\t\t\t\/\/get first slide\n\t\t\t\t\t\t\t\tvar currentGallery = jQuery(this).closest('.inline');\n\t\t\t\t\t\t\t\tvar allImages = currentGallery.find('.slide');\n\t\t\t\t\t\t\t\tvar activeImage = currentGallery.find('.flex-active-slide');\n\t\t\t\t\t\t\t\tvar firstSlide = 0;\n\t\t\t\t\t\t\t\tfirstSlide = allImages.index(activeImage);\n\n\t\t\t\t\t\t\t\t\/\/ define options (if needed)\n\t\t\t\t\t\t\t\tvar options = {\n\t\t\t\t\t\t\t\t    index: firstSlide,\n\t\t\t\t\t\t\t\t    closeOnScroll: false,\n\t\t\t\t\t\t\t\t    showHideOpacity: true\n\t\t\t\t\t\t\t\t};\n\n\t\t\t\t\t\t\t\t\/\/ Initializes and opens PhotoSwipe\n\t\t\t\t\t\t\t\tvar gallery69e08f09a1711  = new PhotoSwipe( pswpElement, PhotoSwipeUI_Default, items, options);\n\t\t\t\t\t\t\t\tgallery69e08f09a1711.init();\n\t\t\t\t\t\t\t});\n\t\t\t\t\t\t});\n\t\t\t\t\t<\/script>\n\t\t\t\t\t<div class=\"inline-placeholder-container\"><img loading=\"lazy\" decoding=\"async\" class=\"ad-dynamic-image inline-image\" src=\"https:\/\/hippodrome-abbeville.fr\/wp\/wp-content\/uploads\/2017\/04\/histo1-760x500.jpg\" width=\"760\" height=\"500\" alt=\"\" data-image-json=\"{&quot;id&quot;:87,&quot;mobile_src&quot;:&quot;https:\\\/\\\/hippodrome-abbeville.fr\\\/wp\\\/wp-content\\\/uploads\\\/2017\\\/04\\\/histo1-640x421.jpg&quot;,&quot;mobile_width&quot;:640,&quot;mobile_height&quot;:421,&quot;desktop_src&quot;:&quot;https:\\\/\\\/hippodrome-abbeville.fr\\\/wp\\\/wp-content\\\/uploads\\\/2017\\\/04\\\/histo1-760x500.jpg&quot;,&quot;desktop_width&quot;:760,&quot;desktop_height&quot;:500}\"><\/div>\t\t\t\t<script>\n\t\t\t\t\tjQuery(document).ready(function() {\n\t\t\t\t\t\tjQuery('.inline[data-gallery-id=\"69e08f09a1711\"]').data('galleryContent', \"<ul class=\\\"slides\\\"><li class=\\\"slide\\\"><img class=\\\"ad-dynamic-image inline-image\\\" src=\\\"https:\\\/\\\/hippodrome-abbeville.fr\\\/wp\\\/wp-content\\\/uploads\\\/2017\\\/04\\\/histo1-640x421.jpg\\\" width=\\\"640\\\" height=\\\"421\\\" alt=\\\"\\\" data-image-json=\\\"{&quot;id&quot;:87,&quot;mobile_src&quot;:&quot;https:\\\\\\\/\\\\\\\/hippodrome-abbeville.fr\\\\\\\/wp\\\\\\\/wp-content\\\\\\\/uploads\\\\\\\/2017\\\\\\\/04\\\\\\\/histo1-640x421.jpg&quot;,&quot;mobile_width&quot;:640,&quot;mobile_height&quot;:421,&quot;desktop_src&quot;:&quot;https:\\\\\\\/\\\\\\\/hippodrome-abbeville.fr\\\\\\\/wp\\\\\\\/wp-content\\\\\\\/uploads\\\\\\\/2017\\\\\\\/04\\\\\\\/histo1-760x500.jpg&quot;,&quot;desktop_width&quot;:760,&quot;desktop_height&quot;:500}\\\"><\\\/li><li class=\\\"slide\\\" data-lazy-load=\\\"true\\\" data-image-id=\\\"88\\\" data-image-size-desktop=\\\"inline-desktop\\\" data-image-size-mobile=\\\"inline-mobile\\\"><div class=\\\"bubblingG preloader\\\"><span id=\\\"bubblingG_1\\\"><\\\/span><span id=\\\"bubblingG_2\\\"><\\\/span><span id=\\\"bubblingG_3\\\"><\\\/span><\\\/div><\\\/li><li class=\\\"slide\\\" data-lazy-load=\\\"true\\\" data-image-id=\\\"89\\\" data-image-size-desktop=\\\"inline-desktop\\\" data-image-size-mobile=\\\"inline-mobile\\\"><div class=\\\"bubblingG preloader\\\"><span id=\\\"bubblingG_1\\\"><\\\/span><span id=\\\"bubblingG_2\\\"><\\\/span><span id=\\\"bubblingG_3\\\"><\\\/span><\\\/div><\\\/li><li class=\\\"slide\\\" data-lazy-load=\\\"true\\\" data-image-id=\\\"90\\\" data-image-size-desktop=\\\"inline-desktop\\\" data-image-size-mobile=\\\"inline-mobile\\\"><div class=\\\"bubblingG preloader\\\"><span id=\\\"bubblingG_1\\\"><\\\/span><span id=\\\"bubblingG_2\\\"><\\\/span><span id=\\\"bubblingG_3\\\"><\\\/span><\\\/div><\\\/li><\\\/ul>\");\n\t\t\t\t\t});\n\t\t\t\t<\/script>\n\t\t\t\t<div class=\"inline-controls controls-69e08f09a1711 fullscreen-enabled\"><div class=\"fullscreen-trigger\" data-gallery-length=\"4\" aria-label=\"Open Gallery\"><span class=\"material-icons\">&#xE145;<\/span><\/div><ul class=\"placeholder-controls flex-direction-nav\"><li class=\"flex-nav-prev\"><a href=\"#\" class=\"flex-prev\">Previous<\/a><\/li><li class=\"flex-nav-next\"><a href=\"#\" class=\"flex-next\">Next<\/a><\/li><\/ul><\/div><\/div><div class=\"inline-nav-container\"><div class=\"inline-nav flexslider\" data-gallery-id=\"69e08f09a1711\"><ul class=\"slides\"><li class=\"slide\"><img loading=\"lazy\" decoding=\"async\" class=\"ad-dynamic-image inline-image\" src=\"https:\/\/hippodrome-abbeville.fr\/wp\/wp-content\/uploads\/2017\/04\/histo1-172x113.jpg\" width=\"172\" height=\"113\" alt=\"\" data-image-json=\"{&quot;id&quot;:87,&quot;mobile_src&quot;:&quot;https:\\\/\\\/hippodrome-abbeville.fr\\\/wp\\\/wp-content\\\/uploads\\\/2017\\\/04\\\/histo1-172x113.jpg&quot;,&quot;mobile_width&quot;:172,&quot;mobile_height&quot;:113,&quot;desktop_src&quot;:&quot;https:\\\/\\\/hippodrome-abbeville.fr\\\/wp\\\/wp-content\\\/uploads\\\/2017\\\/04\\\/histo1-172x113.jpg&quot;,&quot;desktop_width&quot;:172,&quot;desktop_height&quot;:113}\"><\/li><li class=\"slide\"><img loading=\"lazy\" decoding=\"async\" class=\"ad-dynamic-image inline-image\" src=\"https:\/\/hippodrome-abbeville.fr\/wp\/wp-content\/uploads\/2017\/04\/histo2-172x113.jpg\" width=\"172\" height=\"113\" alt=\"\" data-image-json=\"{&quot;id&quot;:88,&quot;mobile_src&quot;:&quot;https:\\\/\\\/hippodrome-abbeville.fr\\\/wp\\\/wp-content\\\/uploads\\\/2017\\\/04\\\/histo2-172x113.jpg&quot;,&quot;mobile_width&quot;:172,&quot;mobile_height&quot;:113,&quot;desktop_src&quot;:&quot;https:\\\/\\\/hippodrome-abbeville.fr\\\/wp\\\/wp-content\\\/uploads\\\/2017\\\/04\\\/histo2-172x113.jpg&quot;,&quot;desktop_width&quot;:172,&quot;desktop_height&quot;:113}\"><\/li><li class=\"slide\"><img loading=\"lazy\" decoding=\"async\" class=\"ad-dynamic-image inline-image\" src=\"https:\/\/hippodrome-abbeville.fr\/wp\/wp-content\/uploads\/2017\/04\/histo3-172x113.jpg\" width=\"172\" height=\"113\" alt=\"\" data-image-json=\"{&quot;id&quot;:89,&quot;mobile_src&quot;:&quot;https:\\\/\\\/hippodrome-abbeville.fr\\\/wp\\\/wp-content\\\/uploads\\\/2017\\\/04\\\/histo3-172x113.jpg&quot;,&quot;mobile_width&quot;:172,&quot;mobile_height&quot;:113,&quot;desktop_src&quot;:&quot;https:\\\/\\\/hippodrome-abbeville.fr\\\/wp\\\/wp-content\\\/uploads\\\/2017\\\/04\\\/histo3-172x113.jpg&quot;,&quot;desktop_width&quot;:172,&quot;desktop_height&quot;:113}\"><\/li><li class=\"slide\"><img loading=\"lazy\" decoding=\"async\" class=\"ad-dynamic-image inline-image\" src=\"https:\/\/hippodrome-abbeville.fr\/wp\/wp-content\/uploads\/2017\/04\/histo4-172x113.jpg\" width=\"172\" height=\"113\" alt=\"\" data-image-json=\"{&quot;id&quot;:90,&quot;mobile_src&quot;:&quot;https:\\\/\\\/hippodrome-abbeville.fr\\\/wp\\\/wp-content\\\/uploads\\\/2017\\\/04\\\/histo4-172x113.jpg&quot;,&quot;mobile_width&quot;:172,&quot;mobile_height&quot;:113,&quot;desktop_src&quot;:&quot;https:\\\/\\\/hippodrome-abbeville.fr\\\/wp\\\/wp-content\\\/uploads\\\/2017\\\/04\\\/histo4-172x113.jpg&quot;,&quot;desktop_width&quot;:172,&quot;desktop_height&quot;:113}\"><\/li><\/ul><\/div><\/div><\/div><\/div><\/div><\/div><\/div><\/div><\/div>\n","protected":false},"excerpt":{"rendered":"","protected":false},"author":1,"featured_media":0,"parent":0,"menu_order":0,"comment_status":"closed","ping_status":"closed","template":"fullwidth.php","meta":{"footnotes":""},"_links":{"self":[{"href":"https:\/\/hippodrome-abbeville.fr\/wp\/wp-json\/wp\/v2\/pages\/232"}],"collection":[{"href":"https:\/\/hippodrome-abbeville.fr\/wp\/wp-json\/wp\/v2\/pages"}],"about":[{"href":"https:\/\/hippodrome-abbeville.fr\/wp\/wp-json\/wp\/v2\/types\/page"}],"author":[{"embeddable":true,"href":"https:\/\/hippodrome-abbeville.fr\/wp\/wp-json\/wp\/v2\/users\/1"}],"replies":[{"embeddable":true,"href":"https:\/\/hippodrome-abbeville.fr\/wp\/wp-json\/wp\/v2\/comments?post=232"}],"version-history":[{"count":6,"href":"https:\/\/hippodrome-abbeville.fr\/wp\/wp-json\/wp\/v2\/pages\/232\/revisions"}],"predecessor-version":[{"id":585,"href":"https:\/\/hippodrome-abbeville.fr\/wp\/wp-json\/wp\/v2\/pages\/232\/revisions\/585"}],"wp:attachment":[{"href":"https:\/\/hippodrome-abbeville.fr\/wp\/wp-json\/wp\/v2\/media?parent=232"}],"curies":[{"name":"wp","href":"https:\/\/api.w.org\/{rel}","templated":true}]}}